{"id":204,"date":"2017-04-26T13:12:47","date_gmt":"2017-04-26T13:12:47","guid":{"rendered":"https:\/\/www.qomex2017.org\/qeems\/?page_id=204"},"modified":"2017-05-22T08:11:54","modified_gmt":"2017-05-22T08:11:54","slug":"proceedings","status":"publish","type":"page","link":"https:\/\/www.qomex2017.org\/qeems\/index.php\/proceedings\/","title":{"rendered":"Proceedings"},"content":{"rendered":"<p>The following papers have been accepted for\u00a0QEEMS:<\/p>\n<ul>\n<li><a href=\"https:\/\/www.qomex2017.org\/qeems\/wp-content\/uploads\/2017\/04\/Darukumalli-et-al.-2017-How-to-Rate-the-New-Glasses-free-Experience.pdf\">Subbareddy Darukumalli, Peter A Kara, Attila Barsi and Maria G Martini: How to Rate the New Glasses-free Experience: Subjective Quality Assessment Methodologies for Experiments on Light Field Displays<\/a><\/li>\n<li><a href=\"https:\/\/www.qomex2017.org\/qeems\/wp-content\/uploads\/2017\/04\/Floris-et-al.-2017-Towards-the-evaluation-of-Quality-of-Experience.pdf\">Alessandro Floris and Luigi Atzori: Towards the evaluation of Quality of Experience of Internet of Things applications<\/a><\/li>\n<li><a href=\"https:\/\/www.qomex2017.org\/qeems\/wp-content\/uploads\/2017\/04\/Goering-et-al.-2017-A-Framework-for-QoE-Analysis-of-Encrypted-Video-Streams.pdf\">Steve G\u00f6ring, Alexander Raake and Bernhard Feiten: A Framework for QoE Analysis of Encrypted Video Streams<\/a><\/li>\n<li><a href=\"https:\/\/www.qomex2017.org\/qeems\/wp-content\/uploads\/2017\/04\/Jalal-et-al.-2017-A-Nonlinear-Quality-of-Experience-Model.pdf\">Lana Jalal and Maurizio Murroni: A Nonlinear Quality of Experience Model for High Dynamic Spatio-Temporal Mulsemedia<\/a><\/li>\n<li><a href=\"https:\/\/www.qomex2017.org\/qeems\/wp-content\/uploads\/2017\/04\/Jimenez-et-al.-2017-Scoring-Voice-Likability-using-Pair-Comparison.pdf\">Rafael Zequeira Jim\u00e9nez, Laura Fern\u00e1ndez Gallardo and Sebastian M\u00f6ller: Scoring Voice Likability using Pair-Comparison: Laboratory vs: Crowdsourcing Approach<\/a><\/li>\n<li><a href=\"https:\/\/www.qomex2017.org\/qeems\/wp-content\/uploads\/2017\/04\/Kara-et-al.-2017-The-Couch-the-Sofa-and-Everything-in-Between.pdf\">Peter A. Kara, Aron Cserkaszky, Attila Barsi and Maria G: Martini: The Couch, the Sofa, and Everything in between: Discussion on the Use Case Scenarios for Light Field Video Streaming Services<\/a><\/li>\n<li><a href=\"https:\/\/www.qomex2017.org\/qeems\/wp-content\/uploads\/2017\/04\/Mongi-et-al.-2017-Mapping-Smart-device-Network-and-Video-Quality-of-Service.pdf\">Alex Mongi, Aloys Mvuma and Justinian Anatory: Mapping Smart-device, Network and Video Quality of Service parameters to Quality of Experience<\/a><\/li>\n<li><a href=\"https:\/\/www.qomex2017.org\/qeems\/wp-content\/uploads\/2017\/04\/Orsolic-et-al.-2017-Towards-a-Framework-for-Estimation-of-YouTube-QoE.pdf\">Irena Orsolic, Lea Skorin-Kapov and Mirko Suznjevic: Towards a Framework for Estimation of YouTube QoE Based on Monitoring of Encrypted Traffic<\/a><\/li>\n<li><a href=\"https:\/\/www.qomex2017.org\/qeems\/wp-content\/uploads\/2017\/04\/Perrin-et-al.-2017-Towards-an-implicit-time-continuous-assessment-of-Quality-of-Experience.pdf\">Anne-Flore Perrin and Touradj Ebrahimi: Towards an implicit time-continuous assessment of Quality of Experience for immersive multimedia<\/a><\/li>\n<li><a href=\"https:\/\/www.qomex2017.org\/qeems\/wp-content\/uploads\/2017\/04\/Peteri-et-al.-2017-Study-on-Medical-QoE-Evaluation-of-Wireless-Multimedia-Transmission.pdf\">Tam\u00e1s P\u00e9teri, Norbert Varga and L\u00e1szl\u00f3 Bokor: Study on Medical QoE Evaluation of Wireless Multimedia Transmission in Mobile Healthcare<\/a><\/li>\n<li><a href=\"https:\/\/www.qomex2017.org\/qeems\/wp-content\/uploads\/2017\/04\/Rico-et-al.-2017-User-Experience-Evaluation-Methods-in-Games-for-Children.pdf\">Carolina Rico-Olarte, Diego Lopez and Sara Kepplinger: User Experience Evaluation Methods in Games for Children with Cognitive Disabilities: A Systematic Review<\/a><\/li>\n<\/ul>\n","protected":false},"excerpt":{"rendered":"<p>The following papers have been accepted for\u00a0QEEMS: Subbareddy Darukumalli, Peter A Kara, Attila Barsi and Maria G Martini: How to Rate the New Glasses-free Experience: Subjective Quality Assessment Methodologies for Experiments on Light Field Displays Alessandro Floris and Luigi Atzori:<\/p>\n","protected":false},"author":3,"featured_media":0,"parent":0,"menu_order":0,"comment_status":"closed","ping_status":"closed","template":"","meta":{"footnotes":""},"class_list":["post-204","page","type-page","status-publish","hentry"],"_links":{"self":[{"href":"https:\/\/www.qomex2017.org\/qeems\/index.php\/wp-json\/wp\/v2\/pages\/204","targetHints":{"allow":["GET"]}}],"collection":[{"href":"https:\/\/www.qomex2017.org\/qeems\/index.php\/wp-json\/wp\/v2\/pages"}],"about":[{"href":"https:\/\/www.qomex2017.org\/qeems\/index.php\/wp-json\/wp\/v2\/types\/page"}],"author":[{"embeddable":true,"href":"https:\/\/www.qomex2017.org\/qeems\/index.php\/wp-json\/wp\/v2\/users\/3"}],"replies":[{"embeddable":true,"href":"https:\/\/www.qomex2017.org\/qeems\/index.php\/wp-json\/wp\/v2\/comments?post=204"}],"version-history":[{"count":5,"href":"https:\/\/www.qomex2017.org\/qeems\/index.php\/wp-json\/wp\/v2\/pages\/204\/revisions"}],"predecessor-version":[{"id":249,"href":"https:\/\/www.qomex2017.org\/qeems\/index.php\/wp-json\/wp\/v2\/pages\/204\/revisions\/249"}],"wp:attachment":[{"href":"https:\/\/www.qomex2017.org\/qeems\/index.php\/wp-json\/wp\/v2\/media?parent=204"}],"curies":[{"name":"wp","href":"https:\/\/api.w.org\/{rel}","templated":true}]}}