{"id":120,"date":"2016-12-02T09:19:48","date_gmt":"2016-12-02T09:19:48","guid":{"rendered":"https:\/\/www.qomex2017.org\/qeems\/?page_id=120"},"modified":"2017-05-18T13:17:33","modified_gmt":"2017-05-18T13:17:33","slug":"technical-program","status":"publish","type":"page","link":"https:\/\/www.qomex2017.org\/qeems\/index.php\/technical-program\/","title":{"rendered":"Technical Program"},"content":{"rendered":"<p>QEEMS will offer an exciting program, comprising a <a href=\"https:\/\/www.qomex2017.org\/qeems\/index.php\/keynote\/\">keynote speech<\/a>\u00a0and technical sessions \u2013 with presentations and demos on Monday, May 29th. On Tuesday, May 30th, a tutorial will be hosted together with QoMEX 2017, and participants of QEEMS may attend the QUALINET meeting as well.<\/p>\n<h2>Day 1\u00a0\u2013\u00a0Monday, May 29<\/h2>\n<p><strong>Morning<\/strong><\/p>\n<p>08:00\u201309:00:\u00a0<strong><\/strong>Registration<\/p>\n<p><span style=\"font-weight: 400;\">09:00\u201309:10: <strong>Welcome Speech<\/strong> <em>(Werner Robitza)<\/em><\/span><\/p>\n<p><span style=\"font-weight: 400;\">09:10\u201310:00: <a href=\"https:\/\/www.qomex2017.org\/qeems\/index.php\/keynote\/\"><strong>Keynote:<\/strong> <em>Andrew Perkis:<\/em> Sensor based interactive digital storytelling \u2013 Case: Adressaparken in Trondheim<\/a> <em>(Chair: P\u00e9ter A. Kara)<\/em><\/span><\/p>\n<p><span style=\"font-weight: 400;\">10:00\u201310:30: Coffee Break<\/span><\/p>\n<p><span style=\"font-weight: 400;\">10:30\u201311:30: <strong>Networks<\/strong> <em>(Panel Chair: Alcardo Alex Barakabitze)<\/em>:<\/span><\/p>\n<ul>\n<li style=\"font-weight: 400;\"><span style=\"font-weight: 400;\">Alessandro Floris and Luigi Atzori: Towards the evaluation of Quality of Experience of Internet of Things applications<\/span><\/li>\n<li style=\"font-weight: 400;\"><span style=\"font-weight: 400;\">Alex Mongi, Aloys Mvuma and Justinian Anatory: Mapping Smart-device, Network and Video Quality of Service parameters to Quality of Experience<\/span><\/li>\n<\/ul>\n<p><span style=\"font-weight: 400;\">11:30\u201312:30: <strong>Underinvestigated Topics in QoE<\/strong> <em>(Panel Chair: Anne-Flore Perrin)<\/em>:<\/span><\/p>\n<ul>\n<li style=\"font-weight: 400;\"><span style=\"font-weight: 400;\">Carolina Rico-Olarte, Diego Lopez and Sara Kepplinger: User Experience Evaluation Methods in Games for Children with Cognitive Disabilities: A Systematic Review<\/span><\/li>\n<li style=\"font-weight: 400;\"><span style=\"font-weight: 400;\">Tam\u00e1s P\u00e9teri, Norbert Varga and L\u00e1szl\u00f3 Bokor: Study on Medical QoE Evaluation of Wireless Multimedia Transmission in Mobile Healthcare<\/span><\/li>\n<\/ul>\n<p>12:30\u201314:00: Lunch Break<\/p>\n<p><b>Afternoon<\/b><\/p>\n<p><span style=\"font-weight: 400;\">14:00\u201315:00: <strong>New Technologies<\/strong> <em>(Panel Chair: Arslan Ahmad)<\/em>:<\/span><\/p>\n<ul>\n<li style=\"font-weight: 400;\"><span style=\"font-weight: 400;\">Peter A. Kara, Aron Cserkaszky, Attila Barsi and Maria G. Martini: The Couch, the Sofa, and Everything in between: Discussion on the Use Case Scenarios for Light Field Video Streaming Services<\/span><\/li>\n<li style=\"font-weight: 400;\"><span style=\"font-weight: 400;\">Subbareddy Darukumalli, Peter A Kara, Attila Barsi and Maria G Martini: How to Rate the New Glasses-free Experience: Subjective Quality Assessment Methodologies for Experiments on Light Field Displays<\/span><\/li>\n<\/ul>\n<p><span style=\"font-weight: 400;\">15:00\u201315:30:\u00a0<\/span><span style=\"font-weight: 400;\"><strong>QoE-Net Presentations<\/strong> and Open Round<\/span><\/p>\n<p><span style=\"font-weight: 400;\">15:30\u201316:00: Coffee Break<\/span><\/p>\n<p><span style=\"font-weight: 400;\">16:00\u201317:10: <strong>QoE Assessment<\/strong> <em>(Panel Chair: Subbareddy Darukumalli)<\/em>:<\/span><\/p>\n<ul>\n<li style=\"font-weight: 400;\"><span style=\"font-weight: 400;\">Lana Jalal and Maurizio Murroni: A Nonlinear Quality of Experience Model for High Dynamic Spatio-Temporal Mulsemedia<\/span><\/li>\n<li style=\"font-weight: 400;\"><span style=\"font-weight: 400;\">Anne-Flore Perrin and Touradj Ebrahimi: Towards an implicit time-continuous assessment of Quality of Experience for immersive multimedia<\/span><\/li>\n<li style=\"font-weight: 400;\"><span style=\"font-weight: 400;\">Rafael Zequeira Jim\u00e9nez, Laura Fern\u00e1ndez Gallardo and Sebastian M\u00f6ller: Scoring Voice Likability using Pair-Comparison: Laboratory vs. Crowdsourcing Approach<\/span><\/li>\n<\/ul>\n<p><span style=\"font-weight: 400;\">17:10\u201318:00: <strong>Encrypted Stream Monitoring<\/strong> <em>(Panel Chair: Avsar Asan)<\/em>:<\/span><\/p>\n<ul>\n<li style=\"font-weight: 400;\"><span style=\"font-weight: 400;\">Steve G\u00f6ring, Alexander Raake and Bernhard Feiten: A Framework for QoE Analysis of Encrypted Videos Streams<\/span><\/li>\n<li style=\"font-weight: 400;\"><span style=\"font-weight: 400;\">Irena Orsolic, Lea Skorin-Kapov and Mirko Suznjevic: Towards a Framework for Estimation of YouTube QoE Based on Monitoring of Encrypted Traffic<\/span><\/li>\n<\/ul>\n<p><span style=\"font-weight: 400;\">19:00 \u2013 open end: Dinner and <a href=\"https:\/\/www.qomex2017.org\/qeems\/index.php\/social-event\/\">Social Event<\/a>, including <a href=\"https:\/\/www.qomex2017.org\/qeems\/index.php\/best-paper-awards\/\">awards<\/a><\/span><\/p>\n<h2>Day 2\u00a0\u2013\u00a0Tuesday, May 30<\/h2>\n<ul>\n<li>08:00\u201312:00: Tutorial \u2013 Statistical analysis of sensory data: An introduction to methods and dedicated open source software tools.\u00a0For details, see the <a href=\"https:\/\/www.qomex2017.org\/index.php\/tutorial\/\">QoMEX Website<\/a>.<\/li>\n<li>12:00\u201313:00: Lunch<\/li>\n<li>13:00\u201318:00: <a href=\"https:\/\/www.qualinet.eu\/index.php?option=com_simplecalendar&amp;view=detail&amp;catid=2%3Aevents&amp;id=91%3Aga11&amp;Itemid=18\">Qualinet Meeting<\/a><\/li>\n<\/ul>\n","protected":false},"excerpt":{"rendered":"<p>QEEMS will offer an exciting program, comprising a keynote speech\u00a0and technical sessions \u2013 with presentations and demos on Monday, May 29th. On Tuesday, May 30th, a tutorial will be hosted together with QoMEX 2017, and participants of QEEMS may attend<\/p>\n","protected":false},"author":3,"featured_media":0,"parent":0,"menu_order":0,"comment_status":"closed","ping_status":"closed","template":"","meta":{"footnotes":""},"class_list":["post-120","page","type-page","status-publish","hentry"],"_links":{"self":[{"href":"https:\/\/www.qomex2017.org\/qeems\/index.php\/wp-json\/wp\/v2\/pages\/120","targetHints":{"allow":["GET"]}}],"collection":[{"href":"https:\/\/www.qomex2017.org\/qeems\/index.php\/wp-json\/wp\/v2\/pages"}],"about":[{"href":"https:\/\/www.qomex2017.org\/qeems\/index.php\/wp-json\/wp\/v2\/types\/page"}],"author":[{"embeddable":true,"href":"https:\/\/www.qomex2017.org\/qeems\/index.php\/wp-json\/wp\/v2\/users\/3"}],"replies":[{"embeddable":true,"href":"https:\/\/www.qomex2017.org\/qeems\/index.php\/wp-json\/wp\/v2\/comments?post=120"}],"version-history":[{"count":12,"href":"https:\/\/www.qomex2017.org\/qeems\/index.php\/wp-json\/wp\/v2\/pages\/120\/revisions"}],"predecessor-version":[{"id":235,"href":"https:\/\/www.qomex2017.org\/qeems\/index.php\/wp-json\/wp\/v2\/pages\/120\/revisions\/235"}],"wp:attachment":[{"href":"https:\/\/www.qomex2017.org\/qeems\/index.php\/wp-json\/wp\/v2\/media?parent=120"}],"curies":[{"name":"wp","href":"https:\/\/api.w.org\/{rel}","templated":true}]}}