{"id":99,"date":"2016-06-01T18:38:54","date_gmt":"2016-06-01T16:38:54","guid":{"rendered":"http:\/\/www.qomex2017.org\/?page_id=99"},"modified":"2016-06-01T19:18:24","modified_gmt":"2016-06-01T17:18:24","slug":"steering-committee","status":"publish","type":"page","link":"https:\/\/www.qomex2017.org\/index.php\/steering-committee\/","title":{"rendered":"Steering Committee"},"content":{"rendered":"<ul>\n<li>Loretta Anania \u2013 European Commission, Belgium<\/li>\n<li>Ian Burnett \u2013 University of Technology Sydney, Australia<\/li>\n<li>Patrick Le Callet \u2013 Universit\u00e9 de\u00a0Nantes, France<\/li>\n<li>Touradj Ebrahimi \u2013 \u00c9cole polytechnique f\u00e9d\u00e9rale de Lausanne, Switzerland<\/li>\n<li>Khaled El Maleh \u2013 Qualcomm, USA<\/li>\n<li>Albert Gauthier \u2013 European Commission, Luxembourg<\/li>\n<li>Lina Karam \u2013 Arizona State University, USA<\/li>\n<li>Sebastian M\u00f6ller \u2013 Technische Universit\u00e4t Berlin, Germany<\/li>\n<li>Fernando Pereira \u2013 Instituto Superior T\u00e9cnico,\u00a0Instituto de Telecomunica\u00e7\u00f5es, Portugal<\/li>\n<li>Andrew Perkis \u2013 Norwegian University of Science and Technology, Norway<\/li>\n<li>Amy Reibman \u2013 Purdue University, USA<\/li>\n<li>Peter Schelkens \u2013 Vrije Universiteit Brussel, Belgium<\/li>\n<li>Athanassios Skodras \u2013 University of Patras, Greece<\/li>\n<li>Christian Timmerer \u2013 Alpen-Adria Universit\u00e4t, Austria<\/li>\n<li>Stefan Winkler \u2013 Advanced Digital Sciences Center, Singapore<\/li>\n<\/ul>\n","protected":false},"excerpt":{"rendered":"<p>Loretta Anania \u2013 European Commission, Belgium Ian Burnett \u2013 University of Technology Sydney, Australia Patrick Le Callet \u2013 Universit\u00e9 de\u00a0Nantes, France Touradj Ebrahimi \u2013 \u00c9cole polytechnique f\u00e9d\u00e9rale de Lausanne, Switzerland Khaled El Maleh \u2013 Qualcomm, USA Albert Gauthier \u2013 European<\/p>\n","protected":false},"author":3,"featured_media":0,"parent":0,"menu_order":0,"comment_status":"closed","ping_status":"closed","template":"","meta":{"footnotes":""},"class_list":["post-99","page","type-page","status-publish","hentry"],"_links":{"self":[{"href":"https:\/\/www.qomex2017.org\/index.php\/wp-json\/wp\/v2\/pages\/99","targetHints":{"allow":["GET"]}}],"collection":[{"href":"https:\/\/www.qomex2017.org\/index.php\/wp-json\/wp\/v2\/pages"}],"about":[{"href":"https:\/\/www.qomex2017.org\/index.php\/wp-json\/wp\/v2\/types\/page"}],"author":[{"embeddable":true,"href":"https:\/\/www.qomex2017.org\/index.php\/wp-json\/wp\/v2\/users\/3"}],"replies":[{"embeddable":true,"href":"https:\/\/www.qomex2017.org\/index.php\/wp-json\/wp\/v2\/comments?post=99"}],"version-history":[{"count":4,"href":"https:\/\/www.qomex2017.org\/index.php\/wp-json\/wp\/v2\/pages\/99\/revisions"}],"predecessor-version":[{"id":114,"href":"https:\/\/www.qomex2017.org\/index.php\/wp-json\/wp\/v2\/pages\/99\/revisions\/114"}],"wp:attachment":[{"href":"https:\/\/www.qomex2017.org\/index.php\/wp-json\/wp\/v2\/media?parent=99"}],"curies":[{"name":"wp","href":"https:\/\/api.w.org\/{rel}","templated":true}]}}