{"id":613,"date":"2017-05-09T19:22:29","date_gmt":"2017-05-09T17:22:29","guid":{"rendered":"http:\/\/www.qomex2017.org\/?page_id=613"},"modified":"2017-05-19T16:36:04","modified_gmt":"2017-05-19T14:36:04","slug":"technical-program-wednesday-may-31","status":"publish","type":"page","link":"https:\/\/www.qomex2017.org\/index.php\/technical-program-wednesday-may-31\/","title":{"rendered":"Technical Program \u2013 Wednesday, May 31"},"content":{"rendered":"<p>\u00ab Previous Day \u2014 <a href=\"https:\/\/www.qomex2017.org\/index.php\/technical-program-thursday-june-1\/\">Next Day \u00bb<\/a><\/p>\n<table width=\"603\">\n<tbody>\n<tr>\n<td>09:00-09:10<\/td>\n<td colspan=\"2\">Welcome Speech<\/td>\n<\/tr>\n<tr>\n<td>09:10-10:00<\/td>\n<td colspan=\"2\">Keynote: <a href=\"https:\/\/www.qomex2017.org\/index.php\/keynote-vr-and-storytelling-aesthetic-and-philosophical-challenges-of-using-vr-in-a-cinematic-context\/\">VR and Storytelling: Aesthetic and Philosophical Challenges of Using VR in a Cinematic Context<\/a><br \/>\n<em>Thomas Wallner<\/em><\/td>\n<\/tr>\n<tr>\n<td>10:00-10:30<\/td>\n<td colspan=\"2\">Coffee Break<\/td>\n<\/tr>\n<tr>\n<td>10:30-11:50<\/td>\n<td colspan=\"2\">Image and Video Coding, and Quality Algorithms<br \/>\n<em>Chair: Maria Martini<\/em><\/td>\n<\/tr>\n<tr>\n<td>10:30-10:50<\/td>\n<td><\/td>\n<td>Reduced-Reference Image Quality Assessment based on Internal Generative Mechanism utilizing Shearlets and Renyi Entropy Analysis<br \/>\n<em>Saeed Mahmoudpour and Peter Schelkens<\/em><\/td>\n<\/tr>\n<tr>\n<td>10:50-11:10<\/td>\n<td><\/td>\n<td>No-Reference Quality Assessment for JPEG Compressed Images<br \/>\n<em>Yucheng Zhu, Guangtao Zhai, Ke Gu and Wenhan Zhu<\/em><\/td>\n<\/tr>\n<tr>\n<td>11:10-11:30<\/td>\n<td><\/td>\n<td>No Reference Quality Assessment for Stereoscopic Images by Statistical Features<br \/>\n<em>Yuming Fang, Jiebin Yan and Jiheng Wang<\/em><\/td>\n<\/tr>\n<tr>\n<td>11:30-11:50<\/td>\n<td><\/td>\n<td>A Bitstream-based, Scalable Video-Quality Model for HTTP Adaptive Streaming: ITU-T P.1203.1<br \/>\n<em>Alexander Raake, Marie-Neige Garcia, Werner Robitza, Peter List, Steve G\u00f6ring and Bernhard Feiten<\/em><\/td>\n<\/tr>\n<tr>\n<td>11:50-13:00<\/td>\n<td colspan=\"2\">Lunch Break<\/td>\n<\/tr>\n<tr>\n<td>13:00-15:00<\/td>\n<td colspan=\"2\"><a href=\"https:\/\/www.qomex2017.org\/index.php\/special-session-1-image-science-and-technology-visual-perception-and-user-behaviour-for-immersive-technologies\/\">Special Session 1: Image Science and Technology, Visual Perception and User Behaviour for Immersive Technologies<\/a><br \/>\n<em>Chairs: Naeem Ramzan, Glenn Van Wallendael<\/em><\/td>\n<\/tr>\n<tr>\n<td>13:00-13:20<\/td>\n<td><\/td>\n<td>Effect of Color Space on High Dynamic Range Video Compression Performance<br \/>\n<em>Emin Zerman, Vedad Hulusic, Giuseppe Valenzise, Rafal Mantiuk and Frederic Dufaux<\/em><\/td>\n<\/tr>\n<tr>\n<td>13:20-13:40<\/td>\n<td><\/td>\n<td>Modelling Brightness Perception for High Dynamic Range Television<br \/>\n<em>Katy Noland, Manish Pindoria and Andrew Cotton<\/em><\/td>\n<\/tr>\n<tr>\n<td>13:40-14:00<\/td>\n<td><\/td>\n<td>Look Around You: Saliency Maps for Omnidirectional Images in VR Applications<br \/>\n<em>Ana De Abreu, Cagri Ozcinar and Aljosa Smolic<\/em><\/td>\n<\/tr>\n<tr>\n<td>14:00-14:20<\/td>\n<td><\/td>\n<td>Characterization and selection of light field content for perceptual assessment<br \/>\n<em>Pradip Paudyal, Jes\u00fas Guti\u00e9rrez,\u00a0Patrick Le Callet,\u00a0Marco Carli and\u00a0Federica Battisti<\/em><\/td>\n<\/tr>\n<tr>\n<td>14:20-14:40<\/td>\n<td><\/td>\n<td>Impact of interactivity on the assessment of quality of experience for light field content<br \/>\n<em>Irene Viola, Martin Rerabek and Touradj Ebrahimi<\/em><\/td>\n<\/tr>\n<tr>\n<td>14:40-15:00<\/td>\n<td><\/td>\n<td>On the Edge of the Seat: Reduced Angular Resolution of a Light Field Cinema with Fixed Observer Positions<br \/>\n<em>P\u00e9ter Andr\u00e1s Kara, Aron Cserkaszky, Subbareddy Darukumalli, Attila Barsi and Maria G. Martini<\/em><\/td>\n<\/tr>\n<tr>\n<td>15:00-15:15<\/td>\n<td colspan=\"2\">Poster Madness<br \/>\n<em>Chair: Yuming Fang<\/em><\/td>\n<\/tr>\n<tr>\n<td>15:15-16:15<\/td>\n<td colspan=\"2\">Poster Session<\/td>\n<\/tr>\n<tr>\n<td>1<\/td>\n<td><\/td>\n<td>Quality of Augmented Reality Experience: A Correlation Analysis<br \/>\n<em>Ulrich Engelke, Huyen Nguyen and Sarah Ketchell<\/em><\/td>\n<\/tr>\n<tr>\n<td>2<\/td>\n<td><\/td>\n<td>Testing conversational quality of VoIP with different terminals and degradations<br \/>\n<em>Micha\u0142 So\u0142oducha,\u00a0Alexander Raake,\u00a0Frank Kettler and\u00a0Stefan Bleiholder<\/em><\/td>\n<\/tr>\n<tr>\n<td>3<\/td>\n<td><\/td>\n<td>A Framework for QoE Analysis of Encrypted Videos Streams<br \/>\n<em>Steve G\u00f6ring,\u00a0Alexander Raake\u00a0and Bernhard Feiten<\/em><\/td>\n<\/tr>\n<tr>\n<td>4<\/td>\n<td><\/td>\n<td>Towards the Need Satisfaction in Gaming: A comparison of different gaming platforms<br \/>\n<em>Anne-Flore Perrin,\u00a0Saman Zadtootaghaj,\u00a0Steven Schmidt,\u00a0Touradj Ebrahimi and\u00a0Sebastian M\u00f6ller<\/em><\/td>\n<\/tr>\n<tr>\n<td>5<\/td>\n<td><\/td>\n<td>Exploring Users Views On Immersive Adult Entertainment Applications<br \/>\n<em>Xijie Zhang,\u00a0Florian Weidner and\u00a0Wolfgang Broll<\/em><\/td>\n<\/tr>\n<tr>\n<td>6<\/td>\n<td><\/td>\n<td>Preference identification for images using the change of the amount of blood in frontal lobe with NIRS<br \/>\n<em>Yang Du, Daiki Sawada, Dorin Gutu, Keiji Shibata, Yasuhiro Inazumi and\u00a0Yuukou Horita<\/em><\/td>\n<\/tr>\n<tr>\n<td>7<\/td>\n<td><\/td>\n<td>Empirical Evaluation of No-Reference VQA Methods on a Natural Video Quality Database<br \/>\n<em>Hui Men, Hanhe Lin and Dietmar Saupe<\/em><\/td>\n<\/tr>\n<tr>\n<td>8<\/td>\n<td><\/td>\n<td>Blind DIBR-Synthesized Image Quality Assessment based on Sparsity Features in Morphological Multiscale Domain<br \/>\n<em>Dejan Bokan, Dragan Kukolj, Dragana Sandi\u0107-Stankovi\u0107 and Gordana Veliki\u0107<\/em><\/td>\n<\/tr>\n<tr>\n<td>9<\/td>\n<td><\/td>\n<td>Collecting Subjective Ratings in Enterprise Environments<br \/>\n<em>Kathrin Borchert,\u00a0Matthias Hirth, Thomas Zinner and Anja S. G\u00f6ritz<\/em><\/td>\n<\/tr>\n<tr>\n<td>15:30-16:00<\/td>\n<td colspan=\"2\">Coffee Break<\/td>\n<\/tr>\n<tr>\n<td>16:15-17:35<\/td>\n<td colspan=\"2\">Speech, Audio, A\/V<br \/>\n<em>Sebastian M\u00f6ller<\/em><\/td>\n<\/tr>\n<tr>\n<td>16:15-16:35<\/td>\n<td><\/td>\n<td>Modeling the Overall Quality of Experience on the Basis of Underlying Quality Dimensions<br \/>\n<em>Friedemann K\u00f6ster, Gabriel Mittag and\u00a0Sebastian M\u00f6ller<\/em><\/td>\n<\/tr>\n<tr>\n<td>16:35-16:55<\/td>\n<td><\/td>\n<td>Analysis of Problem Tokens to Rank Factors Impacting Quality in VoIP Applications<br \/>\n<em>Jayant Gupchup, Yasaman Hosseinkashi, Martin Ellis, Sam Johnson and Ross Cutler<\/em><\/td>\n<\/tr>\n<tr>\n<td>16:55-17:15<\/td>\n<td><\/td>\n<td>Experimental evaluation of WebRTC voice quality in LTE coverage tests<br \/>\n<em>Najmeddine Majed, Stephane Ragot, Xavier Lagrange, Alberto Blanc, Jerome Dufour and Guillaume Grao<\/em><\/td>\n<\/tr>\n<tr>\n<td>17:15-17:35<\/td>\n<td><\/td>\n<td>Speech Reaction Time Measurements for the Evaluation of Audio-Visual Spatial Coherence<br \/>\n<em>Hanne Stenzel,\u00a0Philip J. B. Jackson\u00a0and Jon Francombe<\/em><\/td>\n<\/tr>\n<tr>\n<td>17:35-18:05<\/td>\n<td colspan=\"2\">Industry Call for Research<\/td>\n<\/tr>\n<tr>\n<td>17:35-17:50<\/td>\n<td><\/td>\n<td>Motion Picture Camera Systems &#8211; Defining a Quality Metric for a Creative Tool<br \/>\n<em>Tamara Seybold and Michael Koppetz (ARRI)<\/em><\/td>\n<\/tr>\n<tr>\n<td>17:50-18:05<\/td>\n<td><\/td>\n<td>Immersive Media Quality Evaluation at Google: Discussion of open questions<br \/>\n<em>Chip Brown (Google)<\/em><\/td>\n<\/tr>\n<tr>\n<td>18:05-18:10<\/td>\n<td colspan=\"2\">Organization Speech<\/td>\n<\/tr>\n<tr>\n<td>19:00-22:00<\/td>\n<td colspan=\"2\"><a href=\"https:\/\/www.qomex2017.org\/index.php\/social-events\/\">Welcome Reception<\/a><br \/>\n<em>Panorama Floor, Radisson Blu Hotel<\/em><\/td>\n<\/tr>\n<\/tbody>\n<\/table>\n<p>\u00ab Previous Day \u2014 <a href=\"https:\/\/www.qomex2017.org\/index.php\/technical-program-thursday-june-1\/\">Next Day \u00bb<\/a><\/p>\n","protected":false},"excerpt":{"rendered":"<p>\u00ab Previous Day \u2014 Next Day \u00bb 09:00-09:10 Welcome Speech 09:10-10:00 Keynote: VR and Storytelling: Aesthetic and Philosophical Challenges of Using VR in a Cinematic Context Thomas Wallner 10:00-10:30 Coffee Break 10:30-11:50 Image and Video Coding, and Quality Algorithms Chair:<\/p>\n","protected":false},"author":3,"featured_media":0,"parent":0,"menu_order":0,"comment_status":"closed","ping_status":"closed","template":"","meta":{"footnotes":""},"class_list":["post-613","page","type-page","status-publish","hentry"],"_links":{"self":[{"href":"https:\/\/www.qomex2017.org\/index.php\/wp-json\/wp\/v2\/pages\/613","targetHints":{"allow":["GET"]}}],"collection":[{"href":"https:\/\/www.qomex2017.org\/index.php\/wp-json\/wp\/v2\/pages"}],"about":[{"href":"https:\/\/www.qomex2017.org\/index.php\/wp-json\/wp\/v2\/types\/page"}],"author":[{"embeddable":true,"href":"https:\/\/www.qomex2017.org\/index.php\/wp-json\/wp\/v2\/users\/3"}],"replies":[{"embeddable":true,"href":"https:\/\/www.qomex2017.org\/index.php\/wp-json\/wp\/v2\/comments?post=613"}],"version-history":[{"count":14,"href":"https:\/\/www.qomex2017.org\/index.php\/wp-json\/wp\/v2\/pages\/613\/revisions"}],"predecessor-version":[{"id":709,"href":"https:\/\/www.qomex2017.org\/index.php\/wp-json\/wp\/v2\/pages\/613\/revisions\/709"}],"wp:attachment":[{"href":"https:\/\/www.qomex2017.org\/index.php\/wp-json\/wp\/v2\/media?parent=613"}],"curies":[{"name":"wp","href":"https:\/\/api.w.org\/{rel}","templated":true}]}}