{"id":29,"date":"2016-05-17T14:31:36","date_gmt":"2016-05-17T12:31:36","guid":{"rendered":"http:\/\/www.qomex2017.org\/?page_id=29"},"modified":"2017-04-04T14:03:12","modified_gmt":"2017-04-04T12:03:12","slug":"legal-notice","status":"publish","type":"page","link":"https:\/\/www.qomex2017.org\/index.php\/legal-notice\/","title":{"rendered":"Legal Notice"},"content":{"rendered":"<p><strong>F\u00fcr den Inhalt verantwortlich:<br \/>\n<\/strong>Prof. Alexander Raake<br \/>\nAudiovisual Technology Group<br \/>\nTU Ilmenau<br \/>\nHelmholtzplatz 2<br \/>\n98693 Ilmenau<\/p>\n<p><strong>Kontakt:<\/strong><br \/>\nTel: +49 3677 69-2670<br \/>\nE-Mail: alexander.raake\u00a0(at)\u00a0tu-ilmenau.de<\/p>\n<p>Die TU Ilmenau ist eine K\u00f6rperschaft des \u00d6ffentlichen Rechts.<\/p>\n<p><strong>Umsatzsteueridentifikations -Nr.<\/strong>\u00a0nach \u00a7 27 a UStG:<br \/>\nDE 195 822 483<\/p>\n<p><strong>Aufsichtsbeh\u00f6rde:<\/strong><br \/>\nTh\u00fcringer Ministerium f\u00fcr Wirtschaft, Wissenschaft und Digitale Gesellschaft<br \/>\nMax-Reger-Str. 4-8<br \/>\n99096 Erfurt<\/p>\n<p><strong>1. Inhalt des Onlineangebotes\/Haftungsausschluss<\/strong><\/p>\n<p>Die TU \u00fcbernimmt keine Gew\u00e4hr f\u00fcr die Aktualit\u00e4t, Korrektheit, Vollst\u00e4ndigkeit oder Qualit\u00e4t der von ihr bereitgestellten Informationen. Grunds\u00e4tzlich ausgeschlossen sind Haftungsanspr\u00fcche, welche sich auf Sch\u00e4den materieller oder ideeller Art beziehen, die durch die Nutzung oder Nichtnutzung der dargebotenen Informationen bzw. durch die Nutzung fehlerhafter und unvollst\u00e4ndiger Informationen verursacht wurden, sofern die Mitarbeiter der TU nicht nachweislich vors\u00e4tzlich oder grob fahrl\u00e4ssig gehandelt haben<\/p>\n<p>Alle Informationsangebote sind unverbindlich. Die TU beh\u00e4lt es sich ausdr\u00fccklich vor, Teile der Seiten oder das gesamte Angebot ohne gesonderte Ank\u00fcndigung zu ver\u00e4ndern, zu erg\u00e4nzen, zu l\u00f6schen oder die Ver\u00f6ffentlichung zeitweise oder endg\u00fcltig einzustellen.<\/p>\n<p><strong>2. Verweise\/Verkn\u00fcpfungen (&#8220;Links&#8221;)<\/strong><\/p>\n<p>Von den Seiten der TU Ilmenau f\u00fchren Links zu anderen Seiten im Internet. Die TU Ilmenau erkl\u00e4rt, dass sie keinen Einfluss auf Inhalte und Gestaltung dieser Seiten hat und sich diese auch nicht zu Eigen macht. Diese Erkl\u00e4rung gilt f\u00fcr alle Links von den Seiten, die von der TU Ilmenau gepflegt werden, sowie f\u00fcr die Inhalte der Seiten, zu denen diese Links f\u00fchren.<\/p>\n<p>Die TU erkl\u00e4rt hiermit ausdr\u00fccklich, dass zum Zeitpunkt der Linksetzung keine illegalen Inhalte auf den zu verlinkenden Seiten erkennbar waren. Auf die aktuelle und zuk\u00fcnftige Gestaltung, die Inhalte und\/oder die Urheberschaft durch Links verkn\u00fcpfte Seiten hat die TU keinerlei Einfluss. Deshalb distanziert sich die TU hiermit ausdr\u00fccklich von allen verlinkten Seiten, die nach der Linksetzung ver\u00e4ndert wurden. Dies gilt f\u00fcr alle innerhalb des eigenen Internetangebotes gesetzten Links sowie f\u00fcr Fremdeintr\u00e4ge in vom Autor z.B. eingerichteten G\u00e4steb\u00fcchern, Diskussionsforen und Mailinglisten. F\u00fcr illegale, fehlerhafte oder unvollst\u00e4ndige Inhalte und insbesondere f\u00fcr Sch\u00e4den, die aus der Nutzung solcher Informationen entstehen, haftet allein der Anbieter der Seite, auf welche verwiesen wurde, und nicht derjenige, der \u00fcber Links auf die jeweilige Ver\u00f6ffentlichung lediglich verweist.<\/p>\n<p><strong>3. Urheber- und Kennzeichenrecht<\/strong><\/p>\n<p>Die TU beachtet in allen Publikationen die Urheberrechte der verwendeten Grafiken, Tondokumente, Videosequenzen und Texte. Die Universit\u00e4t hat bei der Gestaltung der Webseiten universit\u00e4taseigene Fotos bzw. Grafiken sowie solche von Wikimedia Commons unter entsprechender Lizenz\u00a0verwendet. Dazu z\u00e4hlen:<\/p>\n<ul>\n<li><a href=\"https:\/\/commons.wikimedia.org\/wiki\/File:Erfurt_cathedral_square_(aka).jpg\">Erfurt cathedral square (aka).jpg<\/a><\/li>\n<li><a href=\"https:\/\/upload.wikimedia.org\/wikipedia\/commons\/6\/68\/Erfurt.Gera_Fluss.jpg\">Gera_Fluss.jpg<\/a><\/li>\n<\/ul>\n<p>Alle innerhalb des Internetangebotes genannten und ggf. durch Dritte gesch\u00fctzten Marken- und Warenzeichen unterliegen uneingeschr\u00e4nkt den Bestimmungen des jeweils g\u00fcltigen Kennzeichenrechts und den Besitzrechten der jeweiligen eingetragenen Eigent\u00fcmer. Allein aufgrund der blo\u00dfen Nennung ist nicht der Schluss zu ziehen, dass Markenzeichen nicht durch Rechte Dritter gesch\u00fctzt sind.<\/p>\n<p>Eine Vervielf\u00e4ltigung oder Verwendung solcher Grafiken, Tondokumente, Videosequenzen und Texte in anderen elektronischen oder gedruckten Publikationen ist ohne ausdr\u00fcckliche Zustimmung der Urheber nicht gestattet.<\/p>\n","protected":false},"excerpt":{"rendered":"<p>F\u00fcr den Inhalt verantwortlich: Prof. Alexander Raake Audiovisual Technology Group TU Ilmenau Helmholtzplatz 2 98693 Ilmenau Kontakt: Tel: +49 3677 69-2670 E-Mail: alexander.raake\u00a0(at)\u00a0tu-ilmenau.de Die TU Ilmenau ist eine K\u00f6rperschaft des \u00d6ffentlichen Rechts. Umsatzsteueridentifikations -Nr.\u00a0nach \u00a7 27 a UStG: DE 195<\/p>\n","protected":false},"author":3,"featured_media":0,"parent":0,"menu_order":0,"comment_status":"closed","ping_status":"closed","template":"","meta":{"footnotes":""},"class_list":["post-29","page","type-page","status-publish","hentry"],"_links":{"self":[{"href":"https:\/\/www.qomex2017.org\/index.php\/wp-json\/wp\/v2\/pages\/29","targetHints":{"allow":["GET"]}}],"collection":[{"href":"https:\/\/www.qomex2017.org\/index.php\/wp-json\/wp\/v2\/pages"}],"about":[{"href":"https:\/\/www.qomex2017.org\/index.php\/wp-json\/wp\/v2\/types\/page"}],"author":[{"embeddable":true,"href":"https:\/\/www.qomex2017.org\/index.php\/wp-json\/wp\/v2\/users\/3"}],"replies":[{"embeddable":true,"href":"https:\/\/www.qomex2017.org\/index.php\/wp-json\/wp\/v2\/comments?post=29"}],"version-history":[{"count":5,"href":"https:\/\/www.qomex2017.org\/index.php\/wp-json\/wp\/v2\/pages\/29\/revisions"}],"predecessor-version":[{"id":555,"href":"https:\/\/www.qomex2017.org\/index.php\/wp-json\/wp\/v2\/pages\/29\/revisions\/555"}],"wp:attachment":[{"href":"https:\/\/www.qomex2017.org\/index.php\/wp-json\/wp\/v2\/media?parent=29"}],"curies":[{"name":"wp","href":"https:\/\/api.w.org\/{rel}","templated":true}]}}